{"id":1552,"date":"2022-05-25T22:16:51","date_gmt":"2022-05-25T22:16:51","guid":{"rendered":"http:\/\/www.shipbob.com\/es\/product\/apps-api\/"},"modified":"2026-03-24T11:04:55","modified_gmt":"2026-03-24T11:04:55","slug":"apps-api","status":"publish","type":"page","link":"https:\/\/www.shipbob.com\/es\/product\/apps-api\/","title":{"rendered":"ShipBob&#8217;s Integrations, Apps, and API"},"content":{"rendered":"\n<section class=\"wp-block-shipbob-blocks-section-hero-standard-form hero-standard\"><div class=\"container row\"><div class=\"col hero-standard-content\"><h1 class=\"hero-standard-title \"><strong>Tu <mark style=\"background-color:#ffffff;color:#175cff\" class=\"has-inline-color\">infraestructura tecnol\u00f3gica<\/mark><mark style=\"background-color:#ffffff;color:#1761ff\" class=\"has-inline-color\"><\/mark><\/strong><br><strong>de fulfilment todo en uno<\/strong><\/h1>\n<p>Activa experiencias del cliente consistentes y de primer nivel en m\u00faltiples canales de venta y utiliza m\u00e1s de las herramientas que te encantan con una conectividad perfecta a tu dashboard de fulfilment. Colaboramos con las principales soluciones tecnol\u00f3gicas para ecommerce para ayudarte a hacer crecer tu negocio de forma m\u00e1s inteligente, r\u00e1pida y s\u00f3lida que nunca.<\/p>\n\n\n\n<div class=\"wp-block-cover aligncenter is-light is-repeated\"><div class=\"wp-block-cover__image-background wp-image-24241 is-repeated\" style=\"background-position:50% 50%;background-image:url(https:\/\/www.shipbob.com\/wp-content\/uploads\/2023\/12\/a39a284799bc9fae7127877e51e6df00-700x668.png)\"><\/div><span aria-hidden=\"true\" class=\"wp-block-cover__background has-background-dim\"><\/span><div class=\"wp-block-cover__inner-container is-layout-flow wp-block-cover-is-layout-flow\">\n<p class=\"has-text-align-center has-large-font-size\"><\/p>\n<\/div><\/div>\n<\/div><div class=\"col hero-standard-form offset-1  \"><div class=\"card hero-home-customer-card form-card\"><h3 class=\"form-title\">Solicita precios de fulfilment<\/h3><h3 class=\"h4 form-subtitle\">Hablemos. Podemos gestionar los pedidos de m\u00e1s de 100 canales. Ponte en contacto hoy mismo.<\/h3><p class=\"form-copy\"><\/p><div class=\"card-body form-d497ced8-3dc1-449d-98b3-30bedf7b7ba7\" data-controller=\"form-controller\" data-form-controller-form-id-value=\"d497ced8-3dc1-449d-98b3-30bedf7b7ba7\" data-form-controller-form-container-query-value=\"form-d497ced8-3dc1-449d-98b3-30bedf7b7ba7\"><\/div><p class=\"form-note\">Una persona experta en fulfilment se pondr\u00e1 en contacto contigo en breve. <a href=\"\/privacy-policy\/\">Pol\u00edtica de privacidad<\/a><\/p><\/div><\/div><\/div><\/section>\n\n\n\n<div class=\"wp-block-shipbob-blocks-content-standard content-standard direction-row justify-center align-center\"><div class=\"content-standard-image-col    col-5     None decoration-primary-align-none \"><div data-controllers=\" \" class=\"content-standard-image-container portrait square square-6 image-center-center  shadow-solid \"><img decoding=\"async\" is=\"responsive-img\" class=\"content-standard-media image\" src=\"https:\/\/www.shipbob.com\/wp-content\/uploads\/2021\/01\/Integrations_ShipBob_Affiliates-copy-e1620749385803.png\" alt=\"Image Media\" loading=\"lazy\"  \/><\/div><\/div><div class=\"content-standard-content-container    col-5    offset-1\">\n\n<h2 class=\"wp-block-heading\" id=\"h-ecommerce-platforms-amp-marketplaces\">Plataformas de ecommerce y mercados<\/h2>\n\n\n<p>Las integraciones directas de ShipBob con las principales plataformas de ecommerce y mercados \u2014como Shopify, Shopify Plus, BigCommerce, WooCommerce, Amazon, Walmart, eBay, Squarespace, Wix, Square y muchas m\u00e1s\u2014 te permiten importar pedidos y enviar datos en ambas direcciones para crear un flujo de informaci\u00f3n bidireccional.<\/p>\n\n\n<p>Tambi\u00e9n podemos gestionar los pedidos de integraciones no directas a trav\u00e9s de herramientas de software intermediario como ShipStation y OrderDesk.<\/p>\n\n<\/div><\/div>\n\n\n\n<div class=\"wp-block-shipbob-blocks-content-standard content-standard direction-row-reverse justify-center align-center\"><div class=\"content-standard-image-col    col-5    offset-1  \"><div data-controller=\" \" data-action=\" \" class=\"content-standard-image-container square square square-5    \"><img decoding=\"async\" is=\"responsive-img\" class=\"content-standard-media image\" src=\"https:\/\/www.shipbob.com\/es\/wp-content\/uploads\/sites\/37\/2026\/03\/803b75e52ca8bb4fd4b3b66611017306.png\" alt=\"Image Media\" loading=\"lazy\"  \/><\/div><\/div><div class=\"content-standard-content-container    col-5    offset-1\">\n<h2 class=\"wp-block-heading\" id=\"h-mas-alla-de-los-canales-de-venta\">M\u00e1s all\u00e1 de los canales de venta<\/h2>\n\n\n\n<p>Gestiona el inventario y los pedidos, conecta con socios minoristas, pronostica la demanda y mucho m\u00e1s con las integraciones nativas de ShipBob con los principales proveedores de EDI, ERP y gesti\u00f3n de inventario y pedidos.<\/p>\n\n\n\n<p>Ofrece una experiencia del cliente de primera categor\u00eda aprovechando las integraciones directas de ShipBob con las plataformas m\u00e1s populares de <a href=\"https:\/\/www.shipbob.com\/partners\/#ReturnsManagementSoftware\">gesti\u00f3n de devoluciones<\/a>, plataformas de embalaje personalizado, marketing, CRM, suscripci\u00f3n y atenci\u00f3n al cliente.<\/p>\n<\/div><\/div>\n\n\n\n<div class=\"wp-block-shipbob-blocks-content-standard content-standard direction-row justify-center align-none\"><div class=\"content-standard-image-col    col-4     None decoration-primary-align-top-left decoration-primary-color-cobalt \"><div data-controller=\" \" data-action=\" \" class=\"content-standard-image-container landscape landscape landscape-6 image-center-center   \"><img decoding=\"async\" is=\"responsive-img\" class=\"content-standard-media image\" src=\"https:\/\/www.shipbob.com\/uk\/wp-content\/uploads\/sites\/32\/2023\/02\/ShipBob-App-Store-2023.png\" alt=\"Image Media\" loading=\"lazy\"  \/><\/div><\/div><div class=\"content-standard-content-container    col-5    offset-1\">\n<h2 class=\"wp-block-heading\" id=\"h-la-app-store-lider-en-fulfilment\">La App Store l\u00edder en fulfilment<\/h2>\n\n\n\n<p>Accede a nuestra App Store directamente desde tu dashboard de ShipBob para conectar tus aplicaciones y herramientas favoritas e impulsar tu negocio.<\/p>\n\n\n\n<p>Desde herramientas de atenci\u00f3n al cliente como Gorgias hasta tu tienda de Shopify, la App Store de ShipBob tiene docenas de integraciones directas con las herramientas de comercio m\u00e1s populares y siempre estamos a\u00f1adiendo m\u00e1s bas\u00e1ndonos en los comentarios de nuestros clientes.<\/p>\n\n\n\n<p><\/p>\n<\/div><\/div>\n\n\n\n<div class=\"wp-block-shipbob-blocks-content-standard content-standard direction-row-reverse justify-center align-none\"><div class=\"content-standard-image-col    col-4    offset-1 None decoration-primary-align-bottom-left decoration-primary-color-cobalt \"><div data-controller=\" \" data-action=\" \" class=\"content-standard-image-container landscape landscape landscape-6 image-center-center   \"><img decoding=\"async\" is=\"responsive-img\" class=\"content-standard-media image\" src=\"https:\/\/www.shipbob.com\/es\/wp-content\/uploads\/sites\/37\/2026\/03\/f07828779597569786fcb8c35604da32.png\" alt=\"Image Media\" loading=\"lazy\"  \/><\/div><\/div><div class=\"content-standard-content-container    col-5    \">\n<h2 class=\"wp-block-heading\" id=\"h-api-para-desarrolladores\">API para desarrolladores<\/h2>\n\n\n\n<p>Consigue un mayor control sobre el proceso de fulfilment con herramientas para desarrolladores flexibles y f\u00e1ciles de usar.<\/p>\n\n\n\n<p>Puedes usar la API REST de ShipBob para interactuar con tu(s) tienda(s), mercados, sitios web personalizados, ERP y mucho m\u00e1s. <\/p>\n\n\n\n<p>Visita <a href=\"https:\/\/developer.shipbob.com\/introduction\/\">el portal para desarrolladores de ShipBob<\/a> para saber m\u00e1s.<\/p>\n<\/div><\/div>\n\n\n\n<section class=\"wp-block-shipbob-blocks-section-container section section-container  separatopr-bottom\"><div class=\"container section-info section-info-align-center \"><h6 class=\"section-title \"><strong>CASOS DE \u00c9XITO<\/strong><\/h6><h2 class=\"section-content h3\" id=\"dont-just-take-our-word-for-it-\u2014-see-why-shipbob-is-trusted-by-thousands-of-merchants\">No te conformes solo con lo que te contamos: descubre por qu\u00e9 miles de clientes conf\u00edan en ShipBob<\/h2><p class=\"section-copy u-hidden\"><\/p><\/div><div class=\"container flex-container direction-row justify-none align-none flex-wrap\">\n\n<div class=\"wp-block-shipbob-blocks-single-testimonial single-testimonial direction-col  col-4 is-style-border\"><div class=\"image-container square square square-1 \"><img decoding=\"async\" is=\"responsive-img\" class=\"image single-testimonial-image\" src=\"https:\/\/www.shipbob.com\/wp-content\/uploads\/2019\/12\/oded.jpg\" loading=\"lazy\"  \/><\/div><div class=\"single-testimonial-content\"><blockquote><q class=\"single-testimonial-blockquote\"><q>ShipBob tiene una API abierta que permiti\u00f3 a nuestra empresa, experta en tecnolog\u00eda, operar exactamente como quer\u00edamos. Ofrecemos un producto personalizado que requiere configuraciones \u00fanicas, por lo que no pod\u00edamos depender de una soluci\u00f3n est\u00e1ndar<\/q>.<\/q><\/blockquote><cite><h4 class=\"single-testimonial-name\">Oded Harth,<\/h4><p class=\"single-testimonial-role\">director ejecutivo y cofundador de\u00a0<a href=\"https:\/\/www.shipbob.com\/blog\/mdacne\/\">MDacne<\/a><\/p><\/cite><\/div><\/div>\n\n\n<div class=\"wp-block-shipbob-blocks-single-testimonial single-testimonial direction-col  col-3 is-style-border\"><div class=\"image-container square square square-1 \"><img decoding=\"async\" is=\"responsive-img\" class=\"image single-testimonial-image\" src=\"https:\/\/www.shipbob.com\/wp-content\/uploads\/2022\/05\/Andrea_FinerSweater2_medium-e1653417730344.webp\" loading=\"lazy\"  \/><\/div><div class=\"single-testimonial-content\"><blockquote><q class=\"single-testimonial-blockquote\">La tecnolog\u00eda de ShipBob se integra con Shopify y Bold Subscriptions, y es genial ver c\u00f3mo todos los env\u00edos avanzan por el proceso con tanta rapidez y lo r\u00e1pido que se lleva a cabo todo el proceso de fulfilment.<\/q><\/blockquote><cite><h4 class=\"single-testimonial-name\">Andrea Hamilton,<\/h4><p class=\"single-testimonial-role\">fundador de <a href=\"https:\/\/www.shipbob.com\/blog\/finer-things-1920\/\">The Finer Thingers 1920<\/a><\/p><\/cite><\/div><\/div>\n\n<\/div><div class=\"cta-container \"><a class=\"btn btn-primary \" href=\"\/case-studies\/\">Descubre sus historias<\/a><\/div><\/section>\n","protected":false},"excerpt":{"rendered":"","protected":false},"author":192,"featured_media":0,"parent":1546,"menu_order":0,"comment_status":"closed","ping_status":"closed","template":"","meta":{"content-type":"","inline_featured_image":false,"footnotes":""},"class_list":["post-1552","page","type-page","status-publish","hentry"],"yoast_head":"<!-- This site is optimized with the Yoast SEO Premium plugin v24.4 (Yoast SEO v27.1.1) - https:\/\/yoast.com\/product\/yoast-seo-premium-wordpress\/ -->\n<title>Integraciones, aplicaciones y API de Shipbob<\/title>\n<meta name=\"description\" content=\"Activa experiencias del cliente consistentes y de primer nivel en m\u00faltiples canales de venta y utiliza m\u00e1s de las herramientas que te encantan con una conectividad perfecta a tu dashboard de fulfilment.\" \/>\n<meta name=\"robots\" content=\"index, follow, max-snippet:-1, max-image-preview:large, max-video-preview:-1\" \/>\n<link rel=\"canonical\" href=\"https:\/\/www.shipbob.com\/es\/product\/apps-api\/\" \/>\n<meta property=\"og:locale\" content=\"es_ES\" \/>\n<meta property=\"og:type\" content=\"article\" \/>\n<meta property=\"og:title\" content=\"ShipBob&#039;s Integrations, Apps, and API\" \/>\n<meta property=\"og:description\" content=\"Activa experiencias del cliente consistentes y de primer nivel en m\u00faltiples canales de venta y utiliza m\u00e1s de las herramientas que te encantan con una conectividad perfecta a tu dashboard de fulfilment.\" \/>\n<meta property=\"og:url\" content=\"https:\/\/www.shipbob.com\/es\/product\/apps-api\/\" \/>\n<meta property=\"og:site_name\" content=\"ShipBob Spain\" \/>\n<meta property=\"article:modified_time\" content=\"2026-03-24T11:04:55+00:00\" \/>\n<meta property=\"og:image\" content=\"https:\/\/www.shipbob.com\/wp-content\/uploads\/2021\/01\/Integrations_ShipBob_Affiliates-copy-e1620749385803.png\" \/>\n<meta name=\"twitter:card\" content=\"summary_large_image\" \/>\n<meta name=\"twitter:label1\" content=\"Est. reading time\" \/>\n\t<meta name=\"twitter:data1\" content=\"4 minutos\" \/>\n<script type=\"application\/ld+json\" class=\"yoast-schema-graph\">{\"@context\":\"https:\/\/schema.org\",\"@graph\":[{\"@type\":\"WebPage\",\"@id\":\"https:\/\/www.shipbob.com\/es\/product\/apps-api\/\",\"url\":\"https:\/\/www.shipbob.com\/es\/product\/apps-api\/\",\"name\":\"Integraciones, aplicaciones y API de Shipbob\",\"isPartOf\":{\"@id\":\"https:\/\/www.shipbob.com\/es\/#website\"},\"primaryImageOfPage\":{\"@id\":\"https:\/\/www.shipbob.com\/es\/product\/apps-api\/#primaryimage\"},\"image\":{\"@id\":\"https:\/\/www.shipbob.com\/es\/product\/apps-api\/#primaryimage\"},\"thumbnailUrl\":\"https:\/\/www.shipbob.com\/wp-content\/uploads\/2021\/01\/Integrations_ShipBob_Affiliates-copy-e1620749385803.png\",\"datePublished\":\"2022-05-25T22:16:51+00:00\",\"dateModified\":\"2026-03-24T11:04:55+00:00\",\"description\":\"Activa experiencias del cliente consistentes y de primer nivel en m\u00faltiples canales de venta y utiliza m\u00e1s de las herramientas que te encantan con una conectividad perfecta a tu dashboard de fulfilment.\",\"breadcrumb\":{\"@id\":\"https:\/\/www.shipbob.com\/es\/product\/apps-api\/#breadcrumb\"},\"inLanguage\":\"es\",\"potentialAction\":[{\"@type\":\"ReadAction\",\"target\":[\"https:\/\/www.shipbob.com\/es\/product\/apps-api\/\"]}]},{\"@type\":\"ImageObject\",\"inLanguage\":\"es\",\"@id\":\"https:\/\/www.shipbob.com\/es\/product\/apps-api\/#primaryimage\",\"url\":\"https:\/\/www.shipbob.com\/wp-content\/uploads\/2021\/01\/Integrations_ShipBob_Affiliates-copy-e1620749385803.png\",\"contentUrl\":\"https:\/\/www.shipbob.com\/wp-content\/uploads\/2021\/01\/Integrations_ShipBob_Affiliates-copy-e1620749385803.png\"},{\"@type\":\"BreadcrumbList\",\"@id\":\"https:\/\/www.shipbob.com\/es\/product\/apps-api\/#breadcrumb\",\"itemListElement\":[{\"@type\":\"ListItem\",\"position\":1,\"name\":\"Home\",\"item\":\"https:\/\/www.shipbob.com\/es\/\"},{\"@type\":\"ListItem\",\"position\":2,\"name\":\"Product\",\"item\":\"https:\/\/www.shipbob.com\/es\/product\/\"},{\"@type\":\"ListItem\",\"position\":3,\"name\":\"ShipBob&#8217;s Integrations, Apps, and API\"}]},{\"@type\":\"WebSite\",\"@id\":\"https:\/\/www.shipbob.com\/es\/#website\",\"url\":\"https:\/\/www.shipbob.com\/es\/\",\"name\":\"ShipBob Spain\",\"description\":\"\",\"potentialAction\":[{\"@type\":\"SearchAction\",\"target\":{\"@type\":\"EntryPoint\",\"urlTemplate\":\"https:\/\/www.shipbob.com\/es\/?s={search_term_string}\"},\"query-input\":{\"@type\":\"PropertyValueSpecification\",\"valueRequired\":true,\"valueName\":\"search_term_string\"}}],\"inLanguage\":\"es\"}]}<\/script>\n<!-- \/ Yoast SEO Premium plugin. -->","yoast_head_json":{"title":"Integraciones, aplicaciones y API de Shipbob","description":"Activa experiencias del cliente consistentes y de primer nivel en m\u00faltiples canales de venta y utiliza m\u00e1s de las herramientas que te encantan con una conectividad perfecta a tu dashboard de fulfilment.","robots":{"index":"index","follow":"follow","max-snippet":"max-snippet:-1","max-image-preview":"max-image-preview:large","max-video-preview":"max-video-preview:-1"},"canonical":"https:\/\/www.shipbob.com\/es\/product\/apps-api\/","og_locale":"es_ES","og_type":"article","og_title":"ShipBob's Integrations, Apps, and API","og_description":"Activa experiencias del cliente consistentes y de primer nivel en m\u00faltiples canales de venta y utiliza m\u00e1s de las herramientas que te encantan con una conectividad perfecta a tu dashboard de fulfilment.","og_url":"https:\/\/www.shipbob.com\/es\/product\/apps-api\/","og_site_name":"ShipBob Spain","article_modified_time":"2026-03-24T11:04:55+00:00","og_image":[{"url":"https:\/\/www.shipbob.com\/wp-content\/uploads\/2021\/01\/Integrations_ShipBob_Affiliates-copy-e1620749385803.png","type":"","width":"","height":""}],"twitter_card":"summary_large_image","twitter_misc":{"Est. reading time":"4 minutos"},"schema":{"@context":"https:\/\/schema.org","@graph":[{"@type":"WebPage","@id":"https:\/\/www.shipbob.com\/es\/product\/apps-api\/","url":"https:\/\/www.shipbob.com\/es\/product\/apps-api\/","name":"Integraciones, aplicaciones y API de Shipbob","isPartOf":{"@id":"https:\/\/www.shipbob.com\/es\/#website"},"primaryImageOfPage":{"@id":"https:\/\/www.shipbob.com\/es\/product\/apps-api\/#primaryimage"},"image":{"@id":"https:\/\/www.shipbob.com\/es\/product\/apps-api\/#primaryimage"},"thumbnailUrl":"https:\/\/www.shipbob.com\/wp-content\/uploads\/2021\/01\/Integrations_ShipBob_Affiliates-copy-e1620749385803.png","datePublished":"2022-05-25T22:16:51+00:00","dateModified":"2026-03-24T11:04:55+00:00","description":"Activa experiencias del cliente consistentes y de primer nivel en m\u00faltiples canales de venta y utiliza m\u00e1s de las herramientas que te encantan con una conectividad perfecta a tu dashboard de fulfilment.","breadcrumb":{"@id":"https:\/\/www.shipbob.com\/es\/product\/apps-api\/#breadcrumb"},"inLanguage":"es","potentialAction":[{"@type":"ReadAction","target":["https:\/\/www.shipbob.com\/es\/product\/apps-api\/"]}]},{"@type":"ImageObject","inLanguage":"es","@id":"https:\/\/www.shipbob.com\/es\/product\/apps-api\/#primaryimage","url":"https:\/\/www.shipbob.com\/wp-content\/uploads\/2021\/01\/Integrations_ShipBob_Affiliates-copy-e1620749385803.png","contentUrl":"https:\/\/www.shipbob.com\/wp-content\/uploads\/2021\/01\/Integrations_ShipBob_Affiliates-copy-e1620749385803.png"},{"@type":"BreadcrumbList","@id":"https:\/\/www.shipbob.com\/es\/product\/apps-api\/#breadcrumb","itemListElement":[{"@type":"ListItem","position":1,"name":"Home","item":"https:\/\/www.shipbob.com\/es\/"},{"@type":"ListItem","position":2,"name":"Product","item":"https:\/\/www.shipbob.com\/es\/product\/"},{"@type":"ListItem","position":3,"name":"ShipBob&#8217;s Integrations, Apps, and API"}]},{"@type":"WebSite","@id":"https:\/\/www.shipbob.com\/es\/#website","url":"https:\/\/www.shipbob.com\/es\/","name":"ShipBob Spain","description":"","potentialAction":[{"@type":"SearchAction","target":{"@type":"EntryPoint","urlTemplate":"https:\/\/www.shipbob.com\/es\/?s={search_term_string}"},"query-input":{"@type":"PropertyValueSpecification","valueRequired":true,"valueName":"search_term_string"}}],"inLanguage":"es"}]}},"parsely":{"version":"1.1.0","canonical_url":"https:\/\/shipbob.com\/es\/product\/apps-api\/","smart_links":{"inbound":0,"outbound":0},"traffic_boost_suggestions_count":0,"meta":{"@context":"https:\/\/schema.org","@type":"WebPage","headline":"ShipBob&#8217;s Integrations, Apps, and API","url":"http:\/\/www.shipbob.com\/es\/product\/apps-api\/","mainEntityOfPage":{"@type":"WebPage","@id":"http:\/\/www.shipbob.com\/es\/product\/apps-api\/"},"thumbnailUrl":"","image":{"@type":"ImageObject","url":""},"articleSection":"Uncategorized","author":[{"@type":"Person","name":"David Rodriguez"}],"creator":["David Rodriguez"],"publisher":{"@type":"Organization","name":"ShipBob Spain","logo":""},"keywords":[],"dateCreated":"2022-05-25T22:16:51Z","datePublished":"2022-05-25T22:16:51Z","dateModified":"2026-03-24T11:04:55Z"},"rendered":"<script type=\"application\/ld+json\" class=\"wp-parsely-metadata\">{\"@context\":\"https:\\\/\\\/schema.org\",\"@type\":\"WebPage\",\"headline\":\"ShipBob&#8217;s Integrations, Apps, and API\",\"url\":\"http:\\\/\\\/www.shipbob.com\\\/es\\\/product\\\/apps-api\\\/\",\"mainEntityOfPage\":{\"@type\":\"WebPage\",\"@id\":\"http:\\\/\\\/www.shipbob.com\\\/es\\\/product\\\/apps-api\\\/\"},\"thumbnailUrl\":\"\",\"image\":{\"@type\":\"ImageObject\",\"url\":\"\"},\"articleSection\":\"Uncategorized\",\"author\":[{\"@type\":\"Person\",\"name\":\"David Rodriguez\"}],\"creator\":[\"David Rodriguez\"],\"publisher\":{\"@type\":\"Organization\",\"name\":\"ShipBob Spain\",\"logo\":\"\"},\"keywords\":[],\"dateCreated\":\"2022-05-25T22:16:51Z\",\"datePublished\":\"2022-05-25T22:16:51Z\",\"dateModified\":\"2026-03-24T11:04:55Z\"}<\/script>","tracker_url":"https:\/\/cdn.parsely.com\/keys\/shipbob.com\/p.js"},"jetpack_sharing_enabled":true,"_links":{"self":[{"href":"https:\/\/www.shipbob.com\/es\/wp-json\/wp\/v2\/pages\/1552","targetHints":{"allow":["GET"]}}],"collection":[{"href":"https:\/\/www.shipbob.com\/es\/wp-json\/wp\/v2\/pages"}],"about":[{"href":"https:\/\/www.shipbob.com\/es\/wp-json\/wp\/v2\/types\/page"}],"author":[{"embeddable":true,"href":"https:\/\/www.shipbob.com\/es\/wp-json\/wp\/v2\/users\/192"}],"replies":[{"embeddable":true,"href":"https:\/\/www.shipbob.com\/es\/wp-json\/wp\/v2\/comments?post=1552"}],"version-history":[{"count":5,"href":"https:\/\/www.shipbob.com\/es\/wp-json\/wp\/v2\/pages\/1552\/revisions"}],"predecessor-version":[{"id":25485,"href":"https:\/\/www.shipbob.com\/es\/wp-json\/wp\/v2\/pages\/1552\/revisions\/25485"}],"up":[{"embeddable":true,"href":"https:\/\/www.shipbob.com\/es\/wp-json\/wp\/v2\/pages\/1546"}],"wp:attachment":[{"href":"https:\/\/www.shipbob.com\/es\/wp-json\/wp\/v2\/media?parent=1552"}],"curies":[{"name":"wp","href":"https:\/\/api.w.org\/{rel}","templated":true}]}}